{"id":2,"date":"2017-10-25T22:54:03","date_gmt":"2017-10-25T19:54:03","guid":{"rendered":"http:\/\/nurmuhammed.net\/?page_id=2"},"modified":"2025-12-19T00:07:53","modified_gmt":"2025-12-18T21:07:53","slug":"%d9%85%d8%ab%d8%a7%d9%84-%d8%b9%d9%84%d9%89-%d8%b5%d9%81%d8%ad%d8%a9","status":"publish","type":"page","link":"https:\/\/nurmuhammed.net\/","title":{"rendered":"Ana Sayfa"},"content":{"rendered":"<div id=\"pl-2\"  class=\"panel-layout\" ><div id=\"pg-2-0\"  class=\"panel-grid panel-no-style\" ><div id=\"pgc-2-0-0\"  class=\"panel-grid-cell\" ><div id=\"panel-2-0-0-0\" class=\"so-panel widget widget_phpeverywherewidget phpeverywherewidget panel-first-child panel-last-child\" data-index=\"0\" ><h3 class=\"widget-title\"> <\/h3><div align=\"center\"><table id=\"jmasbaswidth57\" border=\"0\" width=\"100%\" cellspacing=\"0\" cellpadding=\"0\"><tr><td><\/td><\/tr><\/table>\r\n<p id=\"demo\"  style=\"display:none;\"><\/p><span style=\"font-size:13.0pt;\" dir=\"rtl\">\u0645\u062e\u062a\u0627\u0631\u0627\u062a - Se&ccedil;ilmi&#351; - Selections<\/span><br>\r\n<iframe id=\"jmayotuif57\" src=\"https:\/\/abs.jasimabed.com\/video\/?ytv=0hCaF4vkZWU\" style=\"display: block; height: 320; width: 565; border: none; background: #DBE4D1;\" frameborder=\"0\" loading=\"lazy\" allow=\"accelerometer; clipboard-write; encrypted-media; gyroscope; picture-in-picture; web-share\" referrerpolicy=\"strict-origin-when-cross-origin\" allowfullscreen><\/iframe>\r\n<\/div><script>\r\nlet jmastTmsv057;\r\nfunction jmastTmsv157() {\r\njmastTmsv057 = setInterval(function () {\r\nvar rat = screen.availWidth \/ screen.availHeight ;\r\nvar brat = 1920 \/ 1080 ;\r\nvar binw = jmasbaswidth57.offsetWidth ;\r\nvar bvw = binw ; \/\/window.innerWidth  ; window.innerWidth\r\nlet bvh = Math.floor(binw  * 1080 \/ 1920) ;\r\nlet bvho = window.innerHeight ;\r\nlet bvhd = bvh - bvho ;\r\nvar bvw2 = bvw ;\r\nvar bvh2 = bvh ;\r\nif( bvhd > 0 )\r\n\t{\r\n        var bvw2 = Math.floor(window.innerHeight * 1920 \/ 1080) ;\r\n        var bvh2 = window.innerHeight ;\r\n        }\r\ndocument.getElementById(\"demo\").innerHTML = jmasbaswidth57.offsetWidth + \"<hr>\" + bvw2 + 'X' + bvh2 ; \/\/\"Video W= \" +  bvw + \" X H= \" +  bvh   + '<hr>' + bvho + '<hr>' + bvhd + '  ' + '==>' + '  ' + bvw2 + '  ' + bvh2  ;  \/\/  \"Rat. :\" + rat + ' ; ' + \"BRat : \" + brat + \"Screen Width: \" + screen.width + ' ; ' + \"Screen Height: \" + screen.height + ' ; ' + \/\/\"Screen Avail Width: \" + screen.availWidth + ' ; ' + \/\/\"Screen Avail Height: \" + screen.availHeight + ' ; ' +  '<hr>' +  \/\/ \/\/\r\ndocument.getElementById(\"jmayotuif57\").style.width  = bvw2 + \"px\" ;\r\ndocument.getElementById(\"jmayotuif57\").style.height = bvh2 + \"px\" ;\r\n}, 500); }\r\njmastTmsv157() ;\r\n<\/script>\r\n\r\n<\/div><\/div><\/div><div id=\"pg-2-1\"  class=\"panel-grid panel-no-style\" ><div id=\"pgc-2-1-0\"  class=\"panel-grid-cell\" ><div id=\"panel-2-1-0-0\" class=\"so-panel widget widget_mh_squared_lite_custom_posts mh_squared_lite_custom_posts panel-first-child panel-last-child\" data-index=\"1\" ><div class=\"custom-posts-widget\">\n\t\t\t\t\t\t<div class=\"mh-row clearfix\">\t\t\t\t\t\t<div class=\"mh-col-1-2 custom-posts-lead\">\n\t\t\t\t\t\t\t<article class=\"custom-posts-item post-296 post type-post status-publish format-standard has-post-thumbnail hentry category-islam_tr_17\">\n\t\t\t\t\t\t\t\t<div class=\"custom-posts-thumb\">\n\t\t\t\t\t\t\t\t\t<a href=\"https:\/\/nurmuhammed.net\/?p=296\" title=\"Fitne Zaman Nasl Davranmal\">\n\t\t\t\t\t\t\t\t\t\t<img loading=\"lazy\" decoding=\"async\" width=\"329\" height=\"329\" src=\"https:\/\/nurmuhammed.net\/wp-content\/uploads\/2017\/11\/fffffffffffffffff-329x329.jpg\" class=\"attachment-mh-squared-grid size-mh-squared-grid wp-post-image\" alt=\"\" srcset=\"https:\/\/nurmuhammed.net\/wp-content\/uploads\/2017\/11\/fffffffffffffffff-329x329.jpg 329w, https:\/\/nurmuhammed.net\/wp-content\/uploads\/2017\/11\/fffffffffffffffff-150x150.jpg 150w, https:\/\/nurmuhammed.net\/wp-content\/uploads\/2017\/11\/fffffffffffffffff-80x80.jpg 80w\" sizes=\"auto, (max-width: 329px) 100vw, 329px\" \/>\t\t\t\t\t\t\t\t\t<\/a>\n\t\t\t\t\t\t\t\t<\/div>\n\t\t\t\t\t\t\t\t<h3 class=\"custom-posts-title\">\n\t\t\t\t\t\t\t\t\t<a href=\"https:\/\/nurmuhammed.net\/?p=296\" title=\"Fitne Zaman Nasl Davranmal\" rel=\"bookmark\">\n\t\t\t\t\t\t\t\t\t\tFitne Zaman Nasl Davranmal\t\t\t\t\t\t\t\t\t<\/a>\n\t\t\t\t\t\t\t\t<\/h3>\n\t\t\t\t\t\t\t\t<div class=\"custom-posts-date\">\n\t\t\t\t\t\t\t\t\t13 Kas\u0131m\u060c 2017\t\t\t\t\t\t\t\t<\/div>\n\t\t\t\t\t\t\t\t<div class=\"custom-posts-excerpt\">\n\t\t\t\t\t\t\t\t\t\t\t\t\t\t\t\t\t<\/div>\n\t\t\t\t\t\t\t<\/article>\n\t\t\t\t\t\t<\/div>\t\t\t\t\t\t<div class=\"mh-col-1-2 custom-posts-list\">\t\t\t\t\t\t<article class=\"custom-posts-item custom-posts-small clearfix post-292 post type-post status-publish format-standard has-post-thumbnail hentry category-islam_tr_17\">\n\t\t\t\t\t\t\t<div class=\"custom-posts-thumb\">\n\t\t\t\t\t\t\t\t<a href=\"https:\/\/nurmuhammed.net\/?p=292\" title=\"NEF\u0130S TERB\u0130YES\u0130\">\n\t\t\t\t\t\t\t\t\t<img loading=\"lazy\" decoding=\"async\" width=\"80\" height=\"80\" src=\"https:\/\/nurmuhammed.net\/wp-content\/uploads\/2017\/11\/1396993520-80x80.jpg\" class=\"attachment-mh-squared-small size-mh-squared-small wp-post-image\" alt=\"\" srcset=\"https:\/\/nurmuhammed.net\/wp-content\/uploads\/2017\/11\/1396993520-80x80.jpg 80w, https:\/\/nurmuhammed.net\/wp-content\/uploads\/2017\/11\/1396993520-150x150.jpg 150w, https:\/\/nurmuhammed.net\/wp-content\/uploads\/2017\/11\/1396993520-329x329.jpg 329w\" sizes=\"auto, (max-width: 80px) 100vw, 80px\" \/>\t\t\t\t\t\t\t\t<\/a>\n\t\t\t\t\t\t\t<\/div>\n\t\t\t\t\t\t\t<h3 class=\"custom-posts-title\">\n\t\t\t\t\t\t\t\t<a href=\"https:\/\/nurmuhammed.net\/?p=292\" title=\"NEF\u0130S TERB\u0130YES\u0130\" rel=\"bookmark\">\n\t\t\t\t\t\t\t\t\tNEF\u0130S TERB\u0130YES\u0130\t\t\t\t\t\t\t\t<\/a>\n\t\t\t\t\t\t\t<\/h3>\n\t\t\t\t\t\t\t<div class=\"custom-posts-date\">\n\t\t\t\t\t\t\t\t13 Kas\u0131m\u060c 2017\t\t\t\t\t\t\t<\/div>\n\t\t\t\t\t\t\t<div class=\"custom-posts-excerpt\">\n\t\t\t\t\t\t\t\t\t\t\t\t\t\t\t<\/div>\n\t\t\t\t\t\t<\/article>\t\t\t\t\t\t<article class=\"custom-posts-item custom-posts-small clearfix post-289 post type-post status-publish format-standard has-post-thumbnail hentry category-islam_tr_17\">\n\t\t\t\t\t\t\t<div class=\"custom-posts-thumb\">\n\t\t\t\t\t\t\t\t<a href=\"https:\/\/nurmuhammed.net\/?p=289\" title=\"ZAFER\u0130N ANAHTARI\">\n\t\t\t\t\t\t\t\t\t<img loading=\"lazy\" decoding=\"async\" width=\"80\" height=\"80\" src=\"https:\/\/nurmuhammed.net\/wp-content\/uploads\/2017\/11\/1396993440-80x80.jpg\" class=\"attachment-mh-squared-small size-mh-squared-small wp-post-image\" alt=\"\" srcset=\"https:\/\/nurmuhammed.net\/wp-content\/uploads\/2017\/11\/1396993440-80x80.jpg 80w, https:\/\/nurmuhammed.net\/wp-content\/uploads\/2017\/11\/1396993440-150x150.jpg 150w, https:\/\/nurmuhammed.net\/wp-content\/uploads\/2017\/11\/1396993440-329x329.jpg 329w\" sizes=\"auto, (max-width: 80px) 100vw, 80px\" \/>\t\t\t\t\t\t\t\t<\/a>\n\t\t\t\t\t\t\t<\/div>\n\t\t\t\t\t\t\t<h3 class=\"custom-posts-title\">\n\t\t\t\t\t\t\t\t<a href=\"https:\/\/nurmuhammed.net\/?p=289\" title=\"ZAFER\u0130N ANAHTARI\" rel=\"bookmark\">\n\t\t\t\t\t\t\t\t\tZAFER\u0130N ANAHTARI\t\t\t\t\t\t\t\t<\/a>\n\t\t\t\t\t\t\t<\/h3>\n\t\t\t\t\t\t\t<div class=\"custom-posts-date\">\n\t\t\t\t\t\t\t\t13 Kas\u0131m\u060c 2017\t\t\t\t\t\t\t<\/div>\n\t\t\t\t\t\t\t<div class=\"custom-posts-excerpt\">\n\t\t\t\t\t\t\t\t\t\t\t\t\t\t\t<\/div>\n\t\t\t\t\t\t<\/article>\t\t\t\t\t\t<article class=\"custom-posts-item custom-posts-small clearfix post-286 post type-post status-publish format-standard has-post-thumbnail hentry category-islam_tr_17\">\n\t\t\t\t\t\t\t<div class=\"custom-posts-thumb\">\n\t\t\t\t\t\t\t\t<a href=\"https:\/\/nurmuhammed.net\/?p=286\" title=\"Dosdo\u011fru Ol\">\n\t\t\t\t\t\t\t\t\t<img loading=\"lazy\" decoding=\"async\" width=\"80\" height=\"80\" src=\"https:\/\/nurmuhammed.net\/wp-content\/uploads\/2017\/11\/1396993360-80x80.jpg\" class=\"attachment-mh-squared-small size-mh-squared-small wp-post-image\" alt=\"\" srcset=\"https:\/\/nurmuhammed.net\/wp-content\/uploads\/2017\/11\/1396993360-80x80.jpg 80w, https:\/\/nurmuhammed.net\/wp-content\/uploads\/2017\/11\/1396993360-150x150.jpg 150w, https:\/\/nurmuhammed.net\/wp-content\/uploads\/2017\/11\/1396993360-329x329.jpg 329w\" sizes=\"auto, (max-width: 80px) 100vw, 80px\" \/>\t\t\t\t\t\t\t\t<\/a>\n\t\t\t\t\t\t\t<\/div>\n\t\t\t\t\t\t\t<h3 class=\"custom-posts-title\">\n\t\t\t\t\t\t\t\t<a href=\"https:\/\/nurmuhammed.net\/?p=286\" title=\"Dosdo\u011fru Ol\" rel=\"bookmark\">\n\t\t\t\t\t\t\t\t\tDosdo\u011fru Ol\t\t\t\t\t\t\t\t<\/a>\n\t\t\t\t\t\t\t<\/h3>\n\t\t\t\t\t\t\t<div class=\"custom-posts-date\">\n\t\t\t\t\t\t\t\t13 Kas\u0131m\u060c 2017\t\t\t\t\t\t\t<\/div>\n\t\t\t\t\t\t\t<div class=\"custom-posts-excerpt\">\n\t\t\t\t\t\t\t\t\t\t\t\t\t\t\t<\/div>\n\t\t\t\t\t\t<\/article>\t\t\t\t\t\t<article class=\"custom-posts-item custom-posts-small clearfix post-283 post type-post status-publish format-standard has-post-thumbnail hentry category-islam_tr_17\">\n\t\t\t\t\t\t\t<div class=\"custom-posts-thumb\">\n\t\t\t\t\t\t\t\t<a href=\"https:\/\/nurmuhammed.net\/?p=283\" title=\"S\u00f6ze mi Amele mi\">\n\t\t\t\t\t\t\t\t\t<img loading=\"lazy\" decoding=\"async\" width=\"80\" height=\"80\" src=\"https:\/\/nurmuhammed.net\/wp-content\/uploads\/2017\/11\/1396993273-80x80.jpg\" class=\"attachment-mh-squared-small size-mh-squared-small wp-post-image\" alt=\"\" srcset=\"https:\/\/nurmuhammed.net\/wp-content\/uploads\/2017\/11\/1396993273-80x80.jpg 80w, https:\/\/nurmuhammed.net\/wp-content\/uploads\/2017\/11\/1396993273-150x150.jpg 150w, https:\/\/nurmuhammed.net\/wp-content\/uploads\/2017\/11\/1396993273-329x329.jpg 329w\" sizes=\"auto, (max-width: 80px) 100vw, 80px\" \/>\t\t\t\t\t\t\t\t<\/a>\n\t\t\t\t\t\t\t<\/div>\n\t\t\t\t\t\t\t<h3 class=\"custom-posts-title\">\n\t\t\t\t\t\t\t\t<a href=\"https:\/\/nurmuhammed.net\/?p=283\" title=\"S\u00f6ze mi Amele mi\" rel=\"bookmark\">\n\t\t\t\t\t\t\t\t\tS\u00f6ze mi Amele mi\t\t\t\t\t\t\t\t<\/a>\n\t\t\t\t\t\t\t<\/h3>\n\t\t\t\t\t\t\t<div class=\"custom-posts-date\">\n\t\t\t\t\t\t\t\t13 Kas\u0131m\u060c 2017\t\t\t\t\t\t\t<\/div>\n\t\t\t\t\t\t\t<div class=\"custom-posts-excerpt\">\n\t\t\t\t\t\t\t\t\t\t\t\t\t\t\t<\/div>\n\t\t\t\t\t\t<\/article>\t\t\t\t\t\t<article class=\"custom-posts-item custom-posts-small clearfix post-280 post type-post status-publish format-standard has-post-thumbnail hentry category-islam_tr_17\">\n\t\t\t\t\t\t\t<div class=\"custom-posts-thumb\">\n\t\t\t\t\t\t\t\t<a href=\"https:\/\/nurmuhammed.net\/?p=280\" title=\"\u0130HT\u0130LAFLARIN \u00c7\u00d6Z\u00dcM\u00dc\">\n\t\t\t\t\t\t\t\t\t<img loading=\"lazy\" decoding=\"async\" width=\"80\" height=\"80\" src=\"https:\/\/nurmuhammed.net\/wp-content\/uploads\/2017\/11\/1396993185-80x80.jpg\" class=\"attachment-mh-squared-small size-mh-squared-small wp-post-image\" alt=\"\" srcset=\"https:\/\/nurmuhammed.net\/wp-content\/uploads\/2017\/11\/1396993185-80x80.jpg 80w, https:\/\/nurmuhammed.net\/wp-content\/uploads\/2017\/11\/1396993185-150x150.jpg 150w, https:\/\/nurmuhammed.net\/wp-content\/uploads\/2017\/11\/1396993185-329x329.jpg 329w\" sizes=\"auto, (max-width: 80px) 100vw, 80px\" \/>\t\t\t\t\t\t\t\t<\/a>\n\t\t\t\t\t\t\t<\/div>\n\t\t\t\t\t\t\t<h3 class=\"custom-posts-title\">\n\t\t\t\t\t\t\t\t<a href=\"https:\/\/nurmuhammed.net\/?p=280\" title=\"\u0130HT\u0130LAFLARIN \u00c7\u00d6Z\u00dcM\u00dc\" rel=\"bookmark\">\n\t\t\t\t\t\t\t\t\t\u0130HT\u0130LAFLARIN \u00c7\u00d6Z\u00dcM\u00dc\t\t\t\t\t\t\t\t<\/a>\n\t\t\t\t\t\t\t<\/h3>\n\t\t\t\t\t\t\t<div class=\"custom-posts-date\">\n\t\t\t\t\t\t\t\t13 Kas\u0131m\u060c 2017\t\t\t\t\t\t\t<\/div>\n\t\t\t\t\t\t\t<div class=\"custom-posts-excerpt\">\n\t\t\t\t\t\t\t\t\t\t\t\t\t\t\t<\/div>\n\t\t\t\t\t\t<\/article>\t\t\t\t\t\t<\/div>\t\t\t\t\t\t<\/div><\/div>\n<\/div><\/div><\/div><div id=\"pg-2-2\"  class=\"panel-grid panel-no-style\" ><div id=\"pgc-2-2-0\"  class=\"panel-grid-cell\" ><div id=\"panel-2-2-0-0\" class=\"so-panel widget widget_phpeverywherewidget phpeverywherewidget panel-first-child panel-last-child\" data-index=\"2\" ><h3 class=\"widget-title\"> <\/h3><div>\n<blockquote><p align=\"justify\"><font face=\"Adobe &#1606;&#1587;&#1582; Medium\" size=\"6\">&#1593;&#1614;&#1606;&#1618; &#1605;&#1615;&#1593;&#1614;&#1575;&#1584;&#1616; &#1576;&#1618;&#1606;&#1616; &#1580;&#1614;&#1576;&#1614;&#1604;&#1613;&#1548; &#1571;&#1614;&#1606;&#1617;&#1614;\n<font color=\"#FF0000\">&#1585;&#1614;&#1587;&#1615;&#1608;&#1604;&#1614; &#1575;&#1604;&#1604;&#1617;&#1614;&#1607;&#1616; &#1589;&#1604;&#1609; &#1575;&#1604;&#1604;&#1607; &#1593;&#1604;&#1610;&#1607; &#1608;&#1587;&#1604;<\/font>&#1605; &#1571;&#1614;&#1582;&#1614;&#1584;&#1614; &#1576;&#1616;&#1610;&#1614;&#1583;&#1616;&#1607;&#1616;\n&#1608;&#1614;&#1602;&#1614;&#1575;&#1604;&#1614; &#8207;&quot;<font color=\"#006600\">&#8207;&#1610;&#1614;&#1575; &#1605;&#1615;&#1593;&#1614;&#1575;&#1584;&#1615; &#1608;&#1614;&#1575;&#1604;&#1604;&#1617;&#1614;&#1607;&#1616; &#1573;&#1616;&#1606;&#1617;&#1616;&#1610; &#1604;&#1571;&#1615;&#1581;&#1616;&#1576;&#1617;&#1615;&#1603;&#1614;\n&#1608;&#1614;&#1575;&#1604;&#1604;&#1617;&#1614;&#1607;&#1616; &#1573;&#1616;&#1606;&#1617;&#1616;&#1610; &#1604;&#1571;&#1615;&#1581;&#1616;&#1576;&#1617;&#1615;&#1603;&#1614;&#8207;<\/font>&quot;&#8207;&#8207;.&#8207; &#1601;&#1614;&#1602;&#1614;&#1575;&#1604;&#1614; &#8207;&quot;<font color=\"#006600\">&#8207;&#1571;&#1615;&#1608;&#1589;&#1616;&#1610;&#1603;&#1614;\n&#1610;&#1614;&#1575; &#1605;&#1615;&#1593;&#1614;&#1575;&#1584;&#1615; &#1604;&#1575;&#1614; &#1578;&#1614;&#1583;&#1614;&#1593;&#1614;&#1606;&#1617;&#1614; &#1601;&#1616;&#1610; &#1583;&#1615;&#1576;&#1615;&#1585;&#1616; &#1603;&#1615;&#1604;&#1617;&#1616; &#1589;&#1614;&#1604;&#1575;&#1614;&#1577;&#1613; &#1578;&#1614;&#1602;&#1615;&#1608;&#1604;&#1615; &#1575;&#1604;&#1604;&#1617;&#1614;&#1607;&#1615;&#1605;&#1617;&#1614; &#1571;&#1614;&#1593;&#1616;&#1606;&#1617;&#1616;&#1610;\n&#1593;&#1614;&#1604;&#1614;&#1609; &#1584;&#1616;&#1603;&#1618;&#1585;&#1616;&#1603;&#1614; &#1608;&#1614;&#1588;&#1615;&#1603;&#1618;&#1585;&#1616;&#1603;&#1614; &#1608;&#1614;&#1581;&#1615;&#1587;&#1618;&#1606;&#1616; &#1593;&#1616;&#1576;&#1614;&#1575;&#1583;&#1614;&#1578;&#1616;&#1603;&#1614;&#8207;<\/font>&quot;&#8207;.<span lang=\"ar-iq\">\n<\/span><\/font><font face=\"Adobe &#1606;&#1587;&#1582; Medium\" size=\"5\">&#1589;&#1581;&#1610;&#1581; &#1571;&#1576;&#1610; &#1583;&#1575;&#1608;&#1583; &#1633;&#1637;&#1634;&#1634;<span lang=\"ar-iq\">&#1563;\n&#1589;&#1581;&#1581;&#1607; &#1575;&#1604;&#1588;&#1610;&#1582; <\/span>&#1575;&#1604;&#1571;&#1604;&#1576;&#1575;&#1606;&#1610;<span lang=\"ar-iq\">.<\/span><\/font><\/p>\n<p dir=\"ltr\" align=\"justify\"><font size=\"5\">Muaz b. Cebel (rad&#305;yallah&uuml; anh)&#39;den riv&acirc;yet edildi&#287;ine g&ouml;re,\n<font color=\"#FF0000\">Res&ucirc;l&uuml;llah (sallallah&uuml; aleyhi ve sellem)<\/font> onun elini tutup: &quot;<font color=\"#006600\">Ya Muaz! Vallahi seni seviyorum. Sana bir &#351;eyler tavsiye edeyim, onlar&#305; her (farz) namaz&#305;n sonunda oku, kat&#39;iyyen terk etme<\/font>&quot; : &quot;<font color=\"#006600\">Allah&#39;&#305;m! Seni zikretmekte, sana &#351;&uuml;kretmekte ve sana g&uuml;zelce ib&acirc;det etmekte bana yard&#305;m et<\/font>&quot; dersin&quot; buyurdu.\n<\/font>S&uuml;nen-i Ebu Davud: 1522<\/p>\n<p dir=\"ltr\" align=\"justify\"><font size=\"5\">Mu&#39;adh b. Jabal reported that <font color=\"#FF0000\">the Messenger of Allah (&#65018;)\n<\/font>caught his hand and said: <font color=\"#006600\">By Allah, I love you, Mu&#39;adh. I give some instruction to you. Never leave to\nrecite this supplication after every (prescribed) prayer: <\/font>&quot;<font color=\"#006600\">O Allah, help me in remembering You, in giving You thanks, and worshipping You well.<\/font>&quot;\n<\/font>Sunan Abi Dawud 1522; Grade: Sahih (Al-Albani)<\/p>\n<\/blockquote><br><hr><\/div><\/div><\/div><\/div><div id=\"pg-2-3\"  class=\"panel-grid panel-no-style\" ><div id=\"pgc-2-3-0\"  class=\"panel-grid-cell\" ><div id=\"panel-2-3-0-0\" class=\"so-panel widget widget_phpeverywherewidget phpeverywherewidget panel-first-child panel-last-child\" data-index=\"3\" ><h3 class=\"widget-title\"> <\/h3><div>\n<br><br><iframe src=\"https:\/\/jasimabed.com\/myapp.php\" style=\"display: block;  height: 500vh; width: 100%;  border: none;  background: lightyellow;\"><\/iframe><br><br>\n<\/div><\/div><\/div><\/div><div id=\"pg-2-4\"  class=\"panel-grid panel-no-style\" ><div id=\"pgc-2-4-0\"  class=\"panel-grid-cell\" ><div id=\"panel-2-4-0-0\" class=\"so-panel widget widget_phpeverywherewidget phpeverywherewidget panel-first-child panel-last-child\" data-index=\"4\" ><h3 class=\"widget-title\"> <\/h3><div width=\"100%\"><div align=\"center\">\r\n<div align=\"center\">\r\n              <iframe id=\"jmayotuif77\" src=\"https:\/\/abs.jasimabed.com\/video\/?ytv=Z9SGeQrU2T0&ytl=PLTP-WEKCtOk4yMP6ReWJ27wRcw9kwLvhB\" style=\"display: block; height: 360px; width: 640px; border: none; background: #DBE4D1;\" allowfullscreen><\/iframe>\r\n              <\/div><!--<p id=\"demo\"><\/p>-->\r\n<script>\r\nlet jmastartTimer077;\r\nfunction jmastartTimer177() {\r\njmastartTimer077 = setInterval(function () {\r\nvar rat = screen.availWidth \/ screen.availHeight ;\r\nvar brat = 1920 \/ 1080 ;\r\nvar binw = jmasbaswidth77.offsetWidth ;\r\nvar bvw = binw ; \/\/window.innerWidth  ; window.innerWidth\r\nlet bvh = Math.floor(binw  * 1080 \/ 1920) ;\r\nlet bvho = window.innerHeight ;\r\nlet bvhd = bvh - bvho ;\r\nvar bvw2 = bvw ;\r\nvar bvh2 = bvh ;\r\nif( bvhd > 0 )\r\n\t{\r\n        var bvw2 = Math.floor(window.innerHeight * 1920 \/ 1080) ;\r\n        var bvh2 = window.innerHeight ;\r\n        }\r\n\/\/document.getElementById(\"demo\").innerHTML = jmasbaswidth77.offsetWidth + \"<hr>\" + bvw2 + 'X' + bvh2 ; \/\/\"Video W= \" +  bvw + \" X H= \" +  bvh   + '<hr>' + bvho + '<hr>' + bvhd + '  ' + '==>' + '  ' + bvw2 + '  ' + bvh2  ;  \/\/  \"Rat. :\" + rat + ' ; ' + \"BRat : \" + brat + \"Screen Width: \" + screen.width + ' ; ' + \"Screen Height: \" + screen.height + ' ; ' + \/\/\"Screen Avail Width: \" + screen.availWidth + ' ; ' + \/\/\"Screen Avail Height: \" + screen.availHeight + ' ; ' +  '<hr>' +  \/\/ \/\/\r\ndocument.getElementById(\"jmayotuif77\").style.width  = bvw2 + \"px\" ;\r\ndocument.getElementById(\"jmayotuif77\").style.height = bvh2 + \"px\" ;\r\n}, 500); }\r\njmastartTimer177() ;\r\n<\/script>\r\n<\/div><\/div>\r\n<\/div><\/div><\/div><div id=\"pg-2-5\"  class=\"panel-grid panel-no-style\" ><div id=\"pgc-2-5-0\"  class=\"panel-grid-cell\" ><div id=\"panel-2-5-0-0\" class=\"so-panel widget widget_phpeverywherewidget phpeverywherewidget panel-first-child panel-last-child\" data-index=\"5\" ><h3 class=\"widget-title\"> <\/h3><p><iframe loading=\"lazy\" frameborder=\"0\" height=\"365\" scrolling=\"no\" src=\"https:\/\/www.jasimabed.com\/?page_id=21&lang=tr&embed=true#?secret=4ctfZm92Ze#?secret=JNVZutUFed\" title=\"Ana Sayfa \u2014 \u0627\u0644\u0645\u0647\u0646\u062f\u0633: \u062c\u0627\u0633\u0645 \u0645\u062d\u0645\u062f \u0639\u0628\u062f\" width=\"600\"><\/iframe><\/p><\/div><\/div><\/div><\/div>","protected":false},"excerpt":{"rendered":"","protected":false},"author":1,"featured_media":11,"parent":0,"menu_order":0,"comment_status":"closed","ping_status":"open","template":"","meta":{"footnotes":""},"class_list":["post-2","page","type-page","status-publish","has-post-thumbnail","hentry"],"_links":{"self":[{"href":"https:\/\/nurmuhammed.net\/index.php?rest_route=\/wp\/v2\/pages\/2","targetHints":{"allow":["GET"]}}],"collection":[{"href":"https:\/\/nurmuhammed.net\/index.php?rest_route=\/wp\/v2\/pages"}],"about":[{"href":"https:\/\/nurmuhammed.net\/index.php?rest_route=\/wp\/v2\/types\/page"}],"author":[{"embeddable":true,"href":"https:\/\/nurmuhammed.net\/index.php?rest_route=\/wp\/v2\/users\/1"}],"replies":[{"embeddable":true,"href":"https:\/\/nurmuhammed.net\/index.php?rest_route=%2Fwp%2Fv2%2Fcomments&post=2"}],"version-history":[{"count":59,"href":"https:\/\/nurmuhammed.net\/index.php?rest_route=\/wp\/v2\/pages\/2\/revisions"}],"predecessor-version":[{"id":419,"href":"https:\/\/nurmuhammed.net\/index.php?rest_route=\/wp\/v2\/pages\/2\/revisions\/419"}],"wp:featuredmedia":[{"embeddable":true,"href":"https:\/\/nurmuhammed.net\/index.php?rest_route=\/wp\/v2\/media\/11"}],"wp:attachment":[{"href":"https:\/\/nurmuhammed.net\/index.php?rest_route=%2Fwp%2Fv2%2Fmedia&parent=2"}],"curies":[{"name":"wp","href":"https:\/\/api.w.org\/{rel}","templated":true}]}}