{"id":22,"date":"2017-10-27T22:15:12","date_gmt":"2017-10-27T19:15:12","guid":{"rendered":"http:\/\/nurmuhammed.net\/?page_id=22"},"modified":"2017-10-27T22:16:36","modified_gmt":"2017-10-27T19:16:36","slug":"dersler","status":"publish","type":"page","link":"https:\/\/nurmuhammed.net\/?page_id=22","title":{"rendered":"dersler"},"content":{"rendered":"<div id=\"pl-22\"  class=\"panel-layout\" ><div id=\"pg-22-0\"  class=\"panel-grid panel-no-style\" ><div id=\"pgc-22-0-0\"  class=\"panel-grid-cell\" ><div id=\"panel-22-0-0-0\" class=\"so-panel widget widget_categories panel-first-child panel-last-child\" data-index=\"0\" ><h3 class=\"widget-title\">Kategoriler<\/h3>\n\t\t\t<ul>\n\t\t\t\t\t<li class=\"cat-item cat-item-3\"><a href=\"https:\/\/nurmuhammed.net\/?cat=3\">\u0130slam Dersleri<\/a> (80)\n<\/li>\n\t\t\t<\/ul>\n\n\t\t\t<\/div><\/div><\/div><div id=\"pg-22-1\"  class=\"panel-grid panel-no-style\" ><div id=\"pgc-22-1-0\"  class=\"panel-grid-cell\" >\n\t\t<div id=\"panel-22-1-0-0\" class=\"so-panel widget widget_recent-posts widget_recent_entries panel-first-child panel-last-child\" data-index=\"1\" >\n\t\t<h3 class=\"widget-title\">Son Yaz\u0131lar<\/h3>\n\t\t<ul>\n\t\t\t\t\t\t\t\t\t\t\t<li>\n\t\t\t\t\t<a href=\"https:\/\/nurmuhammed.net\/?p=296\">Fitne Zaman Nasl Davranmal<\/a>\n\t\t\t\t\t\t\t\t\t\t\t<span class=\"post-date\">13 Kas\u0131m\u060c 2017<\/span>\n\t\t\t\t\t\t\t\t\t<\/li>\n\t\t\t\t\t\t\t\t\t\t\t<li>\n\t\t\t\t\t<a href=\"https:\/\/nurmuhammed.net\/?p=292\">NEF\u0130S TERB\u0130YES\u0130<\/a>\n\t\t\t\t\t\t\t\t\t\t\t<span class=\"post-date\">13 Kas\u0131m\u060c 2017<\/span>\n\t\t\t\t\t\t\t\t\t<\/li>\n\t\t\t\t\t\t\t\t\t\t\t<li>\n\t\t\t\t\t<a href=\"https:\/\/nurmuhammed.net\/?p=289\">ZAFER\u0130N ANAHTARI<\/a>\n\t\t\t\t\t\t\t\t\t\t\t<span class=\"post-date\">13 Kas\u0131m\u060c 2017<\/span>\n\t\t\t\t\t\t\t\t\t<\/li>\n\t\t\t\t\t\t\t\t\t\t\t<li>\n\t\t\t\t\t<a href=\"https:\/\/nurmuhammed.net\/?p=286\">Dosdo\u011fru Ol<\/a>\n\t\t\t\t\t\t\t\t\t\t\t<span class=\"post-date\">13 Kas\u0131m\u060c 2017<\/span>\n\t\t\t\t\t\t\t\t\t<\/li>\n\t\t\t\t\t\t\t\t\t\t\t<li>\n\t\t\t\t\t<a href=\"https:\/\/nurmuhammed.net\/?p=283\">S\u00f6ze mi Amele mi<\/a>\n\t\t\t\t\t\t\t\t\t\t\t<span class=\"post-date\">13 Kas\u0131m\u060c 2017<\/span>\n\t\t\t\t\t\t\t\t\t<\/li>\n\t\t\t\t\t\t\t\t\t\t\t<li>\n\t\t\t\t\t<a href=\"https:\/\/nurmuhammed.net\/?p=280\">\u0130HT\u0130LAFLARIN \u00c7\u00d6Z\u00dcM\u00dc<\/a>\n\t\t\t\t\t\t\t\t\t\t\t<span class=\"post-date\">13 Kas\u0131m\u060c 2017<\/span>\n\t\t\t\t\t\t\t\t\t<\/li>\n\t\t\t\t\t\t\t\t\t\t\t<li>\n\t\t\t\t\t<a href=\"https:\/\/nurmuhammed.net\/?p=277\">\u0130\u015eKENCE<\/a>\n\t\t\t\t\t\t\t\t\t\t\t<span class=\"post-date\">13 Kas\u0131m\u060c 2017<\/span>\n\t\t\t\t\t\t\t\t\t<\/li>\n\t\t\t\t\t\t\t\t\t\t\t<li>\n\t\t\t\t\t<a href=\"https:\/\/nurmuhammed.net\/?p=274\">Ba\u015far\u0131<\/a>\n\t\t\t\t\t\t\t\t\t\t\t<span class=\"post-date\">13 Kas\u0131m\u060c 2017<\/span>\n\t\t\t\t\t\t\t\t\t<\/li>\n\t\t\t\t\t\t\t\t\t\t\t<li>\n\t\t\t\t\t<a href=\"https:\/\/nurmuhammed.net\/?p=271\">Zul\u00fcm<\/a>\n\t\t\t\t\t\t\t\t\t\t\t<span class=\"post-date\">13 Kas\u0131m\u060c 2017<\/span>\n\t\t\t\t\t\t\t\t\t<\/li>\n\t\t\t\t\t\t\t\t\t\t\t<li>\n\t\t\t\t\t<a href=\"https:\/\/nurmuhammed.net\/?p=268\">\u00dcMMET B\u0130L\u0130NC\u0130<\/a>\n\t\t\t\t\t\t\t\t\t\t\t<span class=\"post-date\">13 Kas\u0131m\u060c 2017<\/span>\n\t\t\t\t\t\t\t\t\t<\/li>\n\t\t\t\t\t\t\t\t\t\t\t<li>\n\t\t\t\t\t<a href=\"https:\/\/nurmuhammed.net\/?p=265\">\u0130hanet<\/a>\n\t\t\t\t\t\t\t\t\t\t\t<span class=\"post-date\">13 Kas\u0131m\u060c 2017<\/span>\n\t\t\t\t\t\t\t\t\t<\/li>\n\t\t\t\t\t\t\t\t\t\t\t<li>\n\t\t\t\t\t<a href=\"https:\/\/nurmuhammed.net\/?p=262\">S\u00c2L\u0130H AMEL<\/a>\n\t\t\t\t\t\t\t\t\t\t\t<span class=\"post-date\">13 Kas\u0131m\u060c 2017<\/span>\n\t\t\t\t\t\t\t\t\t<\/li>\n\t\t\t\t\t\t\t\t\t\t\t<li>\n\t\t\t\t\t<a href=\"https:\/\/nurmuhammed.net\/?p=259\">\u0130mam Buhari<\/a>\n\t\t\t\t\t\t\t\t\t\t\t<span class=\"post-date\">13 Kas\u0131m\u060c 2017<\/span>\n\t\t\t\t\t\t\t\t\t<\/li>\n\t\t\t\t\t\t\t\t\t\t\t<li>\n\t\t\t\t\t<a href=\"https:\/\/nurmuhammed.net\/?p=256\">Ama Onlar \u0130nanmam\u0131\u015flar<\/a>\n\t\t\t\t\t\t\t\t\t\t\t<span class=\"post-date\">13 Kas\u0131m\u060c 2017<\/span>\n\t\t\t\t\t\t\t\t\t<\/li>\n\t\t\t\t\t\t\t\t\t\t\t<li>\n\t\t\t\t\t<a href=\"https:\/\/nurmuhammed.net\/?p=253\">Dinlerini Par\u00e7a Par\u00e7a Edenler<\/a>\n\t\t\t\t\t\t\t\t\t\t\t<span class=\"post-date\">13 Kas\u0131m\u060c 2017<\/span>\n\t\t\t\t\t\t\t\t\t<\/li>\n\t\t\t\t\t\t\t\t\t\t\t<li>\n\t\t\t\t\t<a href=\"https:\/\/nurmuhammed.net\/?p=250\">M\u00dcSL\u00dcMANIN \u00dcZER\u0130NDEK\u0130<\/a>\n\t\t\t\t\t\t\t\t\t\t\t<span class=\"post-date\">13 Kas\u0131m\u060c 2017<\/span>\n\t\t\t\t\t\t\t\t\t<\/li>\n\t\t\t\t\t\t\t\t\t\t\t<li>\n\t\t\t\t\t<a href=\"https:\/\/nurmuhammed.net\/?p=247\">En hay\u0131rl\u0131 \u00fcmmetsiniz<\/a>\n\t\t\t\t\t\t\t\t\t\t\t<span class=\"post-date\">13 Kas\u0131m\u060c 2017<\/span>\n\t\t\t\t\t\t\t\t\t<\/li>\n\t\t\t\t\t\t\t\t\t\t\t<li>\n\t\t\t\t\t<a href=\"https:\/\/nurmuhammed.net\/?p=244\">AYDIN YOL<\/a>\n\t\t\t\t\t\t\t\t\t\t\t<span class=\"post-date\">13 Kas\u0131m\u060c 2017<\/span>\n\t\t\t\t\t\t\t\t\t<\/li>\n\t\t\t\t\t\t\t\t\t\t\t<li>\n\t\t\t\t\t<a href=\"https:\/\/nurmuhammed.net\/?p=241\">RAMAZANI KAR\u015eILARKEN<\/a>\n\t\t\t\t\t\t\t\t\t\t\t<span class=\"post-date\">13 Kas\u0131m\u060c 2017<\/span>\n\t\t\t\t\t\t\t\t\t<\/li>\n\t\t\t\t\t\t\t\t\t\t\t<li>\n\t\t\t\t\t<a href=\"https:\/\/nurmuhammed.net\/?p=238\">D\u00fcnya hayat\u0131 sak\u0131n sizi aldatmas\u0131n<\/a>\n\t\t\t\t\t\t\t\t\t\t\t<span class=\"post-date\">13 Kas\u0131m\u060c 2017<\/span>\n\t\t\t\t\t\t\t\t\t<\/li>\n\t\t\t\t\t\t\t\t\t\t\t<li>\n\t\t\t\t\t<a href=\"https:\/\/nurmuhammed.net\/?p=234\">HAK  YOLUNDAN SAPMA  NEDENLER\u0130<\/a>\n\t\t\t\t\t\t\t\t\t\t\t<span class=\"post-date\">7 Kas\u0131m\u060c 2017<\/span>\n\t\t\t\t\t\t\t\t\t<\/li>\n\t\t\t\t\t\t\t\t\t\t\t<li>\n\t\t\t\t\t<a href=\"https:\/\/nurmuhammed.net\/?p=230\">KEL\u0130ME-\u0130 TEVH\u0130D\u0130N HAKKI<\/a>\n\t\t\t\t\t\t\t\t\t\t\t<span class=\"post-date\">7 Kas\u0131m\u060c 2017<\/span>\n\t\t\t\t\t\t\t\t\t<\/li>\n\t\t\t\t\t\t\t\t\t\t\t<li>\n\t\t\t\t\t<a href=\"https:\/\/nurmuhammed.net\/?p=227\">D\u0130L\u0130N TAKVASI<\/a>\n\t\t\t\t\t\t\t\t\t\t\t<span class=\"post-date\">7 Kas\u0131m\u060c 2017<\/span>\n\t\t\t\t\t\t\t\t\t<\/li>\n\t\t\t\t\t\t\t\t\t\t\t<li>\n\t\t\t\t\t<a href=\"https:\/\/nurmuhammed.net\/?p=224\">\u00d6yle Bir \u00dcmmet Olun Ki<\/a>\n\t\t\t\t\t\t\t\t\t\t\t<span class=\"post-date\">7 Kas\u0131m\u060c 2017<\/span>\n\t\t\t\t\t\t\t\t\t<\/li>\n\t\t\t\t\t\t\t\t\t\t\t<li>\n\t\t\t\t\t<a href=\"https:\/\/nurmuhammed.net\/?p=221\">Allah Nas\u0131l Olmam\u0131z\u0131 \u0130ster<\/a>\n\t\t\t\t\t\t\t\t\t\t\t<span class=\"post-date\">7 Kas\u0131m\u060c 2017<\/span>\n\t\t\t\t\t\t\t\t\t<\/li>\n\t\t\t\t\t\t\t\t\t\t\t<li>\n\t\t\t\t\t<a href=\"https:\/\/nurmuhammed.net\/?p=217\">\u0130nsanlardan \u00d6yleleri Var Ki<\/a>\n\t\t\t\t\t\t\t\t\t\t\t<span class=\"post-date\">7 Kas\u0131m\u060c 2017<\/span>\n\t\t\t\t\t\t\t\t\t<\/li>\n\t\t\t\t\t\t\t\t\t\t\t<li>\n\t\t\t\t\t<a href=\"https:\/\/nurmuhammed.net\/?p=213\">BEDEN TEM\u0130ZL\u0130\u011e\u0130<\/a>\n\t\t\t\t\t\t\t\t\t\t\t<span class=\"post-date\">7 Kas\u0131m\u060c 2017<\/span>\n\t\t\t\t\t\t\t\t\t<\/li>\n\t\t\t\t\t\t\t\t\t\t\t<li>\n\t\t\t\t\t<a href=\"https:\/\/nurmuhammed.net\/?p=210\">MESC\u0130D-\u0130 D\u0130RAR<\/a>\n\t\t\t\t\t\t\t\t\t\t\t<span class=\"post-date\">7 Kas\u0131m\u060c 2017<\/span>\n\t\t\t\t\t\t\t\t\t<\/li>\n\t\t\t\t\t\t\t\t\t\t\t<li>\n\t\t\t\t\t<a href=\"https:\/\/nurmuhammed.net\/?p=207\">As\u0131r S\u00fcresi<\/a>\n\t\t\t\t\t\t\t\t\t\t\t<span class=\"post-date\">7 Kas\u0131m\u060c 2017<\/span>\n\t\t\t\t\t\t\t\t\t<\/li>\n\t\t\t\t\t\t\t\t\t\t\t<li>\n\t\t\t\t\t<a href=\"https:\/\/nurmuhammed.net\/?p=204\">Allah&#8217;\u0131n Yolu<\/a>\n\t\t\t\t\t\t\t\t\t\t\t<span class=\"post-date\">7 Kas\u0131m\u060c 2017<\/span>\n\t\t\t\t\t\t\t\t\t<\/li>\n\t\t\t\t\t\t\t\t\t\t\t<li>\n\t\t\t\t\t<a href=\"https:\/\/nurmuhammed.net\/?p=201\">\u00c7ocuk Haklar\u0131 2<\/a>\n\t\t\t\t\t\t\t\t\t\t\t<span class=\"post-date\">7 Kas\u0131m\u060c 2017<\/span>\n\t\t\t\t\t\t\t\t\t<\/li>\n\t\t\t\t\t\t\t\t\t\t\t<li>\n\t\t\t\t\t<a href=\"https:\/\/nurmuhammed.net\/?p=195\">\u00c7ocuk Haklar\u0131 1<\/a>\n\t\t\t\t\t\t\t\t\t\t\t<span class=\"post-date\">7 Kas\u0131m\u060c 2017<\/span>\n\t\t\t\t\t\t\t\t\t<\/li>\n\t\t\t\t\t\t\t\t\t\t\t<li>\n\t\t\t\t\t<a href=\"https:\/\/nurmuhammed.net\/?p=192\">Hak Din \u0130slamd\u0131r<\/a>\n\t\t\t\t\t\t\t\t\t\t\t<span class=\"post-date\">6 Kas\u0131m\u060c 2017<\/span>\n\t\t\t\t\t\t\t\t\t<\/li>\n\t\t\t\t\t\t\t\t\t\t\t<li>\n\t\t\t\t\t<a href=\"https:\/\/nurmuhammed.net\/?p=189\">\u0130slam&#8217;da Kad\u0131n Haklar\u0131-2<\/a>\n\t\t\t\t\t\t\t\t\t\t\t<span class=\"post-date\">6 Kas\u0131m\u060c 2017<\/span>\n\t\t\t\t\t\t\t\t\t<\/li>\n\t\t\t\t\t\t\t\t\t\t\t<li>\n\t\t\t\t\t<a href=\"https:\/\/nurmuhammed.net\/?p=186\">\u0130slam&#8217;da Kad\u0131n Haklar\u0131<\/a>\n\t\t\t\t\t\t\t\t\t\t\t<span class=\"post-date\">6 Kas\u0131m\u060c 2017<\/span>\n\t\t\t\t\t\t\t\t\t<\/li>\n\t\t\t\t\t\t\t\t\t\t\t<li>\n\t\t\t\t\t<a href=\"https:\/\/nurmuhammed.net\/?p=183\">\u0130SLAMDA KADIN ROLU-2<\/a>\n\t\t\t\t\t\t\t\t\t\t\t<span class=\"post-date\">6 Kas\u0131m\u060c 2017<\/span>\n\t\t\t\t\t\t\t\t\t<\/li>\n\t\t\t\t\t\t\t\t\t\t\t<li>\n\t\t\t\t\t<a href=\"https:\/\/nurmuhammed.net\/?p=181\">\u0130SLAMDA KADIN ROLU-1<\/a>\n\t\t\t\t\t\t\t\t\t\t\t<span class=\"post-date\">6 Kas\u0131m\u060c 2017<\/span>\n\t\t\t\t\t\t\t\t\t<\/li>\n\t\t\t\t\t\t\t\t\t\t\t<li>\n\t\t\t\t\t<a href=\"https:\/\/nurmuhammed.net\/?p=178\">\u0130slamda Kad\u0131n Rolu<\/a>\n\t\t\t\t\t\t\t\t\t\t\t<span class=\"post-date\">6 Kas\u0131m\u060c 2017<\/span>\n\t\t\t\t\t\t\t\t\t<\/li>\n\t\t\t\t\t\t\t\t\t\t\t<li>\n\t\t\t\t\t<a href=\"https:\/\/nurmuhammed.net\/?p=175\">\u0130FFET NED\u0130R<\/a>\n\t\t\t\t\t\t\t\t\t\t\t<span class=\"post-date\">6 Kas\u0131m\u060c 2017<\/span>\n\t\t\t\t\t\t\t\t\t<\/li>\n\t\t\t\t\t\t\t\t\t\t\t<li>\n\t\t\t\t\t<a href=\"https:\/\/nurmuhammed.net\/?p=172\">KURANIN ERLER\u0130<\/a>\n\t\t\t\t\t\t\t\t\t\t\t<span class=\"post-date\">6 Kas\u0131m\u060c 2017<\/span>\n\t\t\t\t\t\t\t\t\t<\/li>\n\t\t\t\t\t\t\t\t\t\t\t<li>\n\t\t\t\t\t<a href=\"https:\/\/nurmuhammed.net\/?p=169\">\u0130ffet ve Haya<\/a>\n\t\t\t\t\t\t\t\t\t\t\t<span class=\"post-date\">6 Kas\u0131m\u060c 2017<\/span>\n\t\t\t\t\t\t\t\t\t<\/li>\n\t\t\t\t\t\t\t\t\t\t\t<li>\n\t\t\t\t\t<a href=\"https:\/\/nurmuhammed.net\/?p=166\">Takva Kelimesi<\/a>\n\t\t\t\t\t\t\t\t\t\t\t<span class=\"post-date\">6 Kas\u0131m\u060c 2017<\/span>\n\t\t\t\t\t\t\t\t\t<\/li>\n\t\t\t\t\t\t\t\t\t\t\t<li>\n\t\t\t\t\t<a href=\"https:\/\/nurmuhammed.net\/?p=163\">\u0130slam Penceresinden Kad\u0131n ve Erkek<\/a>\n\t\t\t\t\t\t\t\t\t\t\t<span class=\"post-date\">6 Kas\u0131m\u060c 2017<\/span>\n\t\t\t\t\t\t\t\t\t<\/li>\n\t\t\t\t\t\t\t\t\t\t\t<li>\n\t\t\t\t\t<a href=\"https:\/\/nurmuhammed.net\/?p=160\">KALP VE RUH TEM\u0130ZL\u0130\u011e\u0130<\/a>\n\t\t\t\t\t\t\t\t\t\t\t<span class=\"post-date\">6 Kas\u0131m\u060c 2017<\/span>\n\t\t\t\t\t\t\t\t\t<\/li>\n\t\t\t\t\t\t\t\t\t\t\t<li>\n\t\t\t\t\t<a href=\"https:\/\/nurmuhammed.net\/?p=157\">KALP VE BEDEN TEM\u0130ZL\u0130\u011e\u0130<\/a>\n\t\t\t\t\t\t\t\t\t\t\t<span class=\"post-date\">6 Kas\u0131m\u060c 2017<\/span>\n\t\t\t\t\t\t\t\t\t<\/li>\n\t\t\t\t\t\t\t\t\t\t\t<li>\n\t\t\t\t\t<a href=\"https:\/\/nurmuhammed.net\/?p=154\">Kim m\u00fcminlerin dertleriyle ilgilenmezse onlardan de\u011fildir<\/a>\n\t\t\t\t\t\t\t\t\t\t\t<span class=\"post-date\">6 Kas\u0131m\u060c 2017<\/span>\n\t\t\t\t\t\t\t\t\t<\/li>\n\t\t\t\t\t\t\t\t\t\t\t<li>\n\t\t\t\t\t<a href=\"https:\/\/nurmuhammed.net\/?p=151\">M\u00fc&#8217;minlerin de Peygamber Gibi \u0130nan\u0131rlar<\/a>\n\t\t\t\t\t\t\t\t\t\t\t<span class=\"post-date\">6 Kas\u0131m\u060c 2017<\/span>\n\t\t\t\t\t\t\t\t\t<\/li>\n\t\t\t\t\t\t\t\t\t\t\t<li>\n\t\t\t\t\t<a href=\"https:\/\/nurmuhammed.net\/?p=148\">Velayet<\/a>\n\t\t\t\t\t\t\t\t\t\t\t<span class=\"post-date\">6 Kas\u0131m\u060c 2017<\/span>\n\t\t\t\t\t\t\t\t\t<\/li>\n\t\t\t\t\t\t\t\t\t\t\t<li>\n\t\t\t\t\t<a href=\"https:\/\/nurmuhammed.net\/?p=145\">Peygamberimiz<\/a>\n\t\t\t\t\t\t\t\t\t\t\t<span class=\"post-date\">6 Kas\u0131m\u060c 2017<\/span>\n\t\t\t\t\t\t\t\t\t<\/li>\n\t\t\t\t\t\t\t\t\t\t\t<li>\n\t\t\t\t\t<a href=\"https:\/\/nurmuhammed.net\/?p=142\">Allah Yolunda \u0130nfak Etmek<\/a>\n\t\t\t\t\t\t\t\t\t\t\t<span class=\"post-date\">6 Kas\u0131m\u060c 2017<\/span>\n\t\t\t\t\t\t\t\t\t<\/li>\n\t\t\t\t\t\t\t\t\t\t\t<li>\n\t\t\t\t\t<a href=\"https:\/\/nurmuhammed.net\/?p=139\">Ayet ve Hadise I\u015f\u0131\u011f\u0131nda Gen\u00e7lik<\/a>\n\t\t\t\t\t\t\t\t\t\t\t<span class=\"post-date\">5 Kas\u0131m\u060c 2017<\/span>\n\t\t\t\t\t\t\t\t\t<\/li>\n\t\t\t\t\t\t\t\t\t\t\t<li>\n\t\t\t\t\t<a href=\"https:\/\/nurmuhammed.net\/?p=136\">Do\u011fru Yolda \u0130seniz Sap\u0131klar Size Zarar Veremez.<\/a>\n\t\t\t\t\t\t\t\t\t\t\t<span class=\"post-date\">5 Kas\u0131m\u060c 2017<\/span>\n\t\t\t\t\t\t\t\t\t<\/li>\n\t\t\t\t\t\t\t\t\t\t\t<li>\n\t\t\t\t\t<a href=\"https:\/\/nurmuhammed.net\/?p=133\">\u00d6L\u00dcM ve HESAP<\/a>\n\t\t\t\t\t\t\t\t\t\t\t<span class=\"post-date\">5 Kas\u0131m\u060c 2017<\/span>\n\t\t\t\t\t\t\t\t\t<\/li>\n\t\t\t\t\t\t\t\t\t\t\t<li>\n\t\t\t\t\t<a href=\"https:\/\/nurmuhammed.net\/?p=130\">Ger\u00e7ek Birr Nedir<\/a>\n\t\t\t\t\t\t\t\t\t\t\t<span class=\"post-date\">5 Kas\u0131m\u060c 2017<\/span>\n\t\t\t\t\t\t\t\t\t<\/li>\n\t\t\t\t\t\t\t\t\t\t\t<li>\n\t\t\t\t\t<a href=\"https:\/\/nurmuhammed.net\/?p=127\">Namaz K\u0131l\u0131n\u0131\u015f\u0131-3<\/a>\n\t\t\t\t\t\t\t\t\t\t\t<span class=\"post-date\">5 Kas\u0131m\u060c 2017<\/span>\n\t\t\t\t\t\t\t\t\t<\/li>\n\t\t\t\t\t\t\t\t\t\t\t<li>\n\t\t\t\t\t<a href=\"https:\/\/nurmuhammed.net\/?p=124\">Peygamberin Tebli\u011f Metodu<\/a>\n\t\t\t\t\t\t\t\t\t\t\t<span class=\"post-date\">5 Kas\u0131m\u060c 2017<\/span>\n\t\t\t\t\t\t\t\t\t<\/li>\n\t\t\t\t\t\t\t\t\t\t\t<li>\n\t\t\t\t\t<a href=\"https:\/\/nurmuhammed.net\/?p=121\">D\u00fcnya Hayat\u0131 Bir Oyundur<\/a>\n\t\t\t\t\t\t\t\t\t\t\t<span class=\"post-date\">5 Kas\u0131m\u060c 2017<\/span>\n\t\t\t\t\t\t\t\t\t<\/li>\n\t\t\t\t\t\t\t\t\t\t\t<li>\n\t\t\t\t\t<a href=\"https:\/\/nurmuhammed.net\/?p=118\">D\u00fc\u015fman\u0131n\u0131 Tan\u0131<\/a>\n\t\t\t\t\t\t\t\t\t\t\t<span class=\"post-date\">5 Kas\u0131m\u060c 2017<\/span>\n\t\t\t\t\t\t\t\t\t<\/li>\n\t\t\t\t\t\t\t\t\t\t\t<li>\n\t\t\t\t\t<a href=\"https:\/\/nurmuhammed.net\/?p=115\">Sabir ve Namaz<\/a>\n\t\t\t\t\t\t\t\t\t\t\t<span class=\"post-date\">5 Kas\u0131m\u060c 2017<\/span>\n\t\t\t\t\t\t\t\t\t<\/li>\n\t\t\t\t\t\t\t\t\t\t\t<li>\n\t\t\t\t\t<a href=\"https:\/\/nurmuhammed.net\/?p=112\">Temizi Pisten Ay\u0131rmak<\/a>\n\t\t\t\t\t\t\t\t\t\t\t<span class=\"post-date\">5 Kas\u0131m\u060c 2017<\/span>\n\t\t\t\t\t\t\t\t\t<\/li>\n\t\t\t\t\t\t\t\t\t\t\t<li>\n\t\t\t\t\t<a href=\"https:\/\/nurmuhammed.net\/?p=109\">Bir M\u00fcmini \u00d6ld\u00fcrmek<\/a>\n\t\t\t\t\t\t\t\t\t\t\t<span class=\"post-date\">5 Kas\u0131m\u060c 2017<\/span>\n\t\t\t\t\t\t\t\t\t<\/li>\n\t\t\t\t\t\t\t\t\t\t\t<li>\n\t\t\t\t\t<a href=\"https:\/\/nurmuhammed.net\/?p=105\">Allah&#8217;tan Korkma Zaman\u0131 Gelmedi mi<\/a>\n\t\t\t\t\t\t\t\t\t\t\t<span class=\"post-date\">2 Kas\u0131m\u060c 2017<\/span>\n\t\t\t\t\t\t\t\t\t<\/li>\n\t\t\t\t\t\t\t\t\t\t\t<li>\n\t\t\t\t\t<a href=\"https:\/\/nurmuhammed.net\/?p=102\">Zalimlere Yard\u0131m Etmek<\/a>\n\t\t\t\t\t\t\t\t\t\t\t<span class=\"post-date\">1 Kas\u0131m\u060c 2017<\/span>\n\t\t\t\t\t\t\t\t\t<\/li>\n\t\t\t\t\t\t\t\t\t\t\t<li>\n\t\t\t\t\t<a href=\"https:\/\/nurmuhammed.net\/?p=100\">\u015fe\u00e2ir<\/a>\n\t\t\t\t\t\t\t\t\t\t\t<span class=\"post-date\">1 Kas\u0131m\u060c 2017<\/span>\n\t\t\t\t\t\t\t\t\t<\/li>\n\t\t\t\t\t\t\t\t\t\t\t<li>\n\t\t\t\t\t<a href=\"https:\/\/nurmuhammed.net\/?p=95\">G\u00fczel Dost<\/a>\n\t\t\t\t\t\t\t\t\t\t\t<span class=\"post-date\">1 Kas\u0131m\u060c 2017<\/span>\n\t\t\t\t\t\t\t\t\t<\/li>\n\t\t\t\t\t\t\t\t\t\t\t<li>\n\t\t\t\t\t<a href=\"https:\/\/nurmuhammed.net\/?p=93\">Namaz K\u0131l\u0131n\u0131\u015f\u0131-2<\/a>\n\t\t\t\t\t\t\t\t\t\t\t<span class=\"post-date\">1 Kas\u0131m\u060c 2017<\/span>\n\t\t\t\t\t\t\t\t\t<\/li>\n\t\t\t\t\t\t\t\t\t\t\t<li>\n\t\t\t\t\t<a href=\"https:\/\/nurmuhammed.net\/?p=90\">Namaz K\u0131l\u0131n\u0131\u015f\u0131-1<\/a>\n\t\t\t\t\t\t\t\t\t\t\t<span class=\"post-date\">1 Kas\u0131m\u060c 2017<\/span>\n\t\t\t\t\t\t\t\t\t<\/li>\n\t\t\t\t\t\t\t\t\t\t\t<li>\n\t\t\t\t\t<a href=\"https:\/\/nurmuhammed.net\/?p=87\">Adalet Sistemini Yeniden Kurmak<\/a>\n\t\t\t\t\t\t\t\t\t\t\t<span class=\"post-date\">1 Kas\u0131m\u060c 2017<\/span>\n\t\t\t\t\t\t\t\t\t<\/li>\n\t\t\t\t\t\t\t\t\t\t\t<li>\n\t\t\t\t\t<a href=\"https:\/\/nurmuhammed.net\/?p=75\">S\u00fcnnet<\/a>\n\t\t\t\t\t\t\t\t\t\t\t<span class=\"post-date\">28 Ekim\u060c 2017<\/span>\n\t\t\t\t\t\t\t\t\t<\/li>\n\t\t\t\t\t\t\t\t\t\t\t<li>\n\t\t\t\t\t<a href=\"https:\/\/nurmuhammed.net\/?p=72\">S\u00fcnnetin \u00d6nemi<\/a>\n\t\t\t\t\t\t\t\t\t\t\t<span class=\"post-date\">28 Ekim\u060c 2017<\/span>\n\t\t\t\t\t\t\t\t\t<\/li>\n\t\t\t\t\t\t\t\t\t\t\t<li>\n\t\t\t\t\t<a href=\"https:\/\/nurmuhammed.net\/?p=69\">\u0130slamda Karde\u015flik &#8211; 2<\/a>\n\t\t\t\t\t\t\t\t\t\t\t<span class=\"post-date\">28 Ekim\u060c 2017<\/span>\n\t\t\t\t\t\t\t\t\t<\/li>\n\t\t\t\t\t\t\t\t\t\t\t<li>\n\t\t\t\t\t<a href=\"https:\/\/nurmuhammed.net\/?p=66\">\u0130slamda Karde\u015flik ( t\u00fcm )<\/a>\n\t\t\t\t\t\t\t\t\t\t\t<span class=\"post-date\">28 Ekim\u060c 2017<\/span>\n\t\t\t\t\t\t\t\t\t<\/li>\n\t\t\t\t\t\t\t\t\t\t\t<li>\n\t\t\t\t\t<a href=\"https:\/\/nurmuhammed.net\/?p=63\">ALLAH&#8217;IN \u00c7\u0130ZD\u0130\u011e\u0130 SINIRLARI KORUMAK<\/a>\n\t\t\t\t\t\t\t\t\t\t\t<span class=\"post-date\">28 Ekim\u060c 2017<\/span>\n\t\t\t\t\t\t\t\t\t<\/li>\n\t\t\t\t\t\t\t\t\t\t\t<li>\n\t\t\t\t\t<a href=\"https:\/\/nurmuhammed.net\/?p=60\">\u0130SL\u00c2M\u00ce D\u00dc\u015e\u00dcNCEN\u0130N \u00d6ZELL\u0130KLER\u0130<\/a>\n\t\t\t\t\t\t\t\t\t\t\t<span class=\"post-date\">28 Ekim\u060c 2017<\/span>\n\t\t\t\t\t\t\t\t\t<\/li>\n\t\t\t\t\t\t\t\t\t\t\t<li>\n\t\t\t\t\t<a href=\"https:\/\/nurmuhammed.net\/?p=57\">S\u0131la-i Rahim<\/a>\n\t\t\t\t\t\t\t\t\t\t\t<span class=\"post-date\">28 Ekim\u060c 2017<\/span>\n\t\t\t\t\t\t\t\t\t<\/li>\n\t\t\t\t\t\t\t\t\t\t\t<li>\n\t\t\t\t\t<a href=\"https:\/\/nurmuhammed.net\/?p=48\">KAZAN\u00c7LI T\u0130CARET<\/a>\n\t\t\t\t\t\t\t\t\t\t\t<span class=\"post-date\">28 Ekim\u060c 2017<\/span>\n\t\t\t\t\t\t\t\t\t<\/li>\n\t\t\t\t\t\t\t\t\t\t\t<li>\n\t\t\t\t\t<a href=\"https:\/\/nurmuhammed.net\/?p=45\">kendilerini de\u011fi\u015ftirmedik\u00e7e<\/a>\n\t\t\t\t\t\t\t\t\t\t\t<span class=\"post-date\">28 Ekim\u060c 2017<\/span>\n\t\t\t\t\t\t\t\t\t<\/li>\n\t\t\t\t\t\t\t\t\t\t\t<li>\n\t\t\t\t\t<a href=\"https:\/\/nurmuhammed.net\/?p=42\">HUKUKULLAH ALLAH\u2019IN HAKLARI<\/a>\n\t\t\t\t\t\t\t\t\t\t\t<span class=\"post-date\">28 Ekim\u060c 2017<\/span>\n\t\t\t\t\t\t\t\t\t<\/li>\n\t\t\t\t\t\t\t\t\t\t\t<li>\n\t\t\t\t\t<a href=\"https:\/\/nurmuhammed.net\/?p=39\">M\u00fcsl\u00fcman\u0131n \u015eahsiyeti<\/a>\n\t\t\t\t\t\t\t\t\t\t\t<span class=\"post-date\">27 Ekim\u060c 2017<\/span>\n\t\t\t\t\t\t\t\t\t<\/li>\n\t\t\t\t\t\t\t\t\t\t\t<li>\n\t\t\t\t\t<a href=\"https:\/\/nurmuhammed.net\/?p=35\">Ahde Vefa<\/a>\n\t\t\t\t\t\t\t\t\t\t\t<span class=\"post-date\">27 Ekim\u060c 2017<\/span>\n\t\t\t\t\t\t\t\t\t<\/li>\n\t\t\t\t\t<\/ul>\n\n\t\t<\/div><\/div><\/div><\/div>","protected":false},"excerpt":{"rendered":"<p>Kategoriler \u0130slam Dersleri (80) Son Yaz\u0131lar Fitne Zaman Nasl Davranmal 13 Kas\u0131m\u060c 2017 NEF\u0130S TERB\u0130YES\u0130 13 Kas\u0131m\u060c 2017 ZAFER\u0130N ANAHTARI 13 Kas\u0131m\u060c 2017 Dosdo\u011fru Ol&#8230;<\/p>\n","protected":false},"author":1,"featured_media":0,"parent":0,"menu_order":0,"comment_status":"closed","ping_status":"closed","template":"","meta":{"footnotes":""},"class_list":["post-22","page","type-page","status-publish","hentry"],"_links":{"self":[{"href":"https:\/\/nurmuhammed.net\/index.php?rest_route=\/wp\/v2\/pages\/22","targetHints":{"allow":["GET"]}}],"collection":[{"href":"https:\/\/nurmuhammed.net\/index.php?rest_route=\/wp\/v2\/pages"}],"about":[{"href":"https:\/\/nurmuhammed.net\/index.php?rest_route=\/wp\/v2\/types\/page"}],"author":[{"embeddable":true,"href":"https:\/\/nurmuhammed.net\/index.php?rest_route=\/wp\/v2\/users\/1"}],"replies":[{"embeddable":true,"href":"https:\/\/nurmuhammed.net\/index.php?rest_route=%2Fwp%2Fv2%2Fcomments&post=22"}],"version-history":[{"count":5,"href":"https:\/\/nurmuhammed.net\/index.php?rest_route=\/wp\/v2\/pages\/22\/revisions"}],"predecessor-version":[{"id":27,"href":"https:\/\/nurmuhammed.net\/index.php?rest_route=\/wp\/v2\/pages\/22\/revisions\/27"}],"wp:attachment":[{"href":"https:\/\/nurmuhammed.net\/index.php?rest_route=%2Fwp%2Fv2%2Fmedia&parent=22"}],"curies":[{"name":"wp","href":"https:\/\/api.w.org\/{rel}","templated":true}]}}